{"id":1635,"date":"2023-11-29T15:51:22","date_gmt":"2023-11-29T15:51:22","guid":{"rendered":"https:\/\/www.coraliesucheyre.com\/?page_id=1635"},"modified":"2024-02-08T19:30:58","modified_gmt":"2024-02-08T19:30:58","slug":"mentions-legales","status":"publish","type":"page","link":"https:\/\/www.coraliesucheyre.com\/en\/mentions-legales\/","title":{"rendered":"Legal Notice"},"content":{"rendered":"<div class=\"wp-block-uagb-container uagb-block-bf80be91 default uagb-is-root-container\">\n<p>Legal Notice<strong><\/strong><\/p>\n\n\n\n<p>In accordance with the provisions of articles 6-III and 19 of Law No. 2004-575 of June 21, 2004 for Confidence in the digital economy, known as LCEN, we inform users and visitors of the site www.coraliesucheyre.com the following information :<\/p>\n\n\n\n<div class=\"wp-block-uagb-advanced-heading uagb-block-268ebb02\"><h2 class=\"uagb-heading-text\"><strong>1. Legal information<\/strong><\/h2><\/div>\n\n\n\n<p><strong>1.1. Site Editor<\/strong><strong><\/strong><\/p>\n\n\n\n<p><strong>Name :<\/strong>&nbsp;Coralie Sucheyre EI <strong>Address :<\/strong>&nbsp;1 passage Cauvi <strong>Postal code :<\/strong>&nbsp;06600 <strong>City :<\/strong>&nbsp;Antibes&nbsp;<strong>Such. :<\/strong>&nbsp;0687143008<\/p>\n\n\n\n<p><strong>1.2. Activity<\/strong><strong><\/strong><\/p>\n\n\n\n<p style=\"line-height:0.9\"><strong>Registration number in the trade and companies register:<br><\/strong>835 169 863 00031<\/p>\n\n\n\n<p><strong>VAT N \u00b0 :<\/strong>\u00a0Not specified<\/p>\n\n\n\n<p><strong>1.3. Website<\/strong><strong><\/strong><\/p>\n\n\n\n<p><strong>The website is hosted on the domain:<\/strong>&nbsp;www.coraliesucheyre.com<\/p>\n\n\n\n<p><strong>1.4. Responsible for publication<\/strong><strong><\/strong><\/p>\n\n\n\n<p><strong>Responsible for publication:<\/strong>&nbsp;Coralie Sucheyre EI <strong>E-mail :<\/strong>&nbsp;coralie.consultante@gmail.com <strong>Such. :<\/strong>&nbsp;068714308<\/p>\n\n\n\n<p><strong>City of the court of jurisdiction in the event of a dispute:<\/strong>&nbsp;Antibes<\/p>\n\n\n\n<p><strong>1.6. Accommodation<\/strong><strong><\/strong><\/p>\n\n\n\n<p><strong>Business :<\/strong>&nbsp;O2 switch <strong>Address :<\/strong>&nbsp;Path of the Pardiaux <strong>Postal code :<\/strong>&nbsp;63000 <strong>City :<\/strong>&nbsp;Clermont-Ferrand <strong>Country :<\/strong>&nbsp;France <strong>Such. :<\/strong>&nbsp;<a href=\"https:\/\/www.google.com\/search?client=safari&amp;rls=en&amp;q=o2switch&amp;ie=UTF-8&amp;oe=UTF-8\">04 44 44 60 40<\/a><\/p>\n\n\n\n<div class=\"wp-block-uagb-advanced-heading uagb-block-908b2517\"><h2 class=\"uagb-heading-text\"><strong>2. Presentation and principle<\/strong><\/h2><\/div>\n\n\n\n<p>Is designated below: User, any Internet user connecting and using the above-named site: www.coraliesucheyre.com<\/p>\n\n\n\n<p>Coralie Sucheyre EI strives to provide the most accurate and up-to-date information possible on the site www.coraliesucheyre.com (subject to modifications made since it was put online), but cannot guarantee the accuracy, completeness and the timeliness of the information disseminated on its site, whether it is its own or that of third party partners who provide this information. Consequently, the Internet user must ensure the accuracy of the information and report any modifications to the site that he considers useful. Coralie Sucheyre EI is in no way responsible for the use made of this information, and for any direct or indirect damage that may result therefrom.<\/p>\n\n\n\n<div class=\"wp-block-uagb-advanced-heading uagb-block-6795cb90\"><h2 class=\"uagb-heading-text\"><strong>3. Accessibility<\/strong><\/h2><\/div>\n\n\n\n<p>The site www.coraliesucheyre.com is in principle accessible to users 24 hours a day, 7 days a week, except for interruptions, scheduled or not, for maintenance purposes or in the event of force majeure. If access to the service is impossible, www.coraliesucheyre.com undertakes to do its utmost to restore access to the service. Being subject only to an obligation of means, www.coraliesucheyre.com cannot be held responsible for any damage, whatever its nature, resulting from unavailability of the service.<\/p>\n\n\n\n<div class=\"wp-block-uagb-advanced-heading uagb-block-effec2f1\"><h2 class=\"uagb-heading-text\"><strong>4. Intellectual property<\/strong><\/h2><\/div>\n\n\n\n<p>Coralie Sucheyre is the exclusive owner of all intellectual property rights or holds the usage rights on all elements accessible on the site, both on the structure and on the texts, images, graphics, logo, icons, sounds, software, etc.<\/p>\n\n\n\n<p>Any total or partial reproduction of the site www.coraliesucheyre.com, representation, modification, publication, total or partial adaptation of any of these elements is prohibited without the prior written permission of Coralie Sucheyre EI. Failing this, it will be considered as constituting an infringement and liable to prosecution in accordance with the provisions of articles L.335-2 et seq. of the Intellectual Property Code.<\/p>\n\n\n\n<div class=\"wp-block-uagb-advanced-heading uagb-block-50a52945\"><h2 class=\"uagb-heading-text\"><strong>5. Hypertext links and cookies<\/strong><\/h2><\/div>\n\n\n\n<p class=\"has-medium-font-size\"><strong>5.1. Hyperlinks<\/strong><strong><\/strong><\/p>\n\n\n\n<p>The site www.coraliesucheyre.com may contain a certain number of hypertext links to other sites. Coralie Sucheyre EI has no means of controlling the sites connected to its website and does not answer for the availability of such sites and external sources, nor does it guarantee it. Coralie Sucheyre EI cannot be held responsible for any damage, of any nature whatsoever, resulting from the content of these sites or external sources, and in particular from the information, products or services they offer.<\/p>\n\n\n\n<p>If you navigate to one of these sites, please note that they have their own privacy policies and our liability ends when you leave our site.<\/p>\n\n\n\n<p>Users of websites cannot set up a hyperlink to this site without the express prior authorization of Coralie Sucheyre EI, which reserves the right to accept or refuse a hyperlink without having to justify its decision.<\/p>\n\n\n\n<p class=\"has-medium-font-size\"><strong>5.2. Cookies<\/strong><strong><\/strong><\/p>\n\n\n\n<p>The user is informed that during his visits to the site www.coraliesucheyre.com, one or more cookies may be automatically installed on his computer via his browser software. A cookie is a block of data which does not identify the user, but which records information relating to their navigation on the site. It contains several pieces of data that are stored on your computer in a simple text file that a server accesses to read and save information.<\/p>\n\n\n\n<p>The configuration of the browser software makes it possible to inform of the presence of cookies and possibly to refuse them in the manner described at the following address: www.cnil.fr.<\/p>\n\n\n\n<p class=\"has-medium-font-size\"><strong>5.3. Third-party cookies<\/strong><strong><\/strong><\/p>\n\n\n\n<p>Our site may contain links to or from partner sites and other third party sites. If you navigate to one of these sites, please note that they have their own privacy policies and our liability ends when you leave our site. Check privacy policies before transmitting your personal data to third-party sites.<\/p>\n\n\n\n<div class=\"wp-block-uagb-advanced-heading uagb-block-7d8cc4fd\"><h2 class=\"uagb-heading-text\"><strong>6. Protection of property and people \u2013 management of personal data<\/strong><\/h2><\/div>\n\n\n\n<p>The Customer is informed of the regulations concerning marketing communication, the law of June 21, 2014 for confidence in the Digital Economy, the Data Protection and Freedom Law of August 6, 2004 as well as the General Data Protection Regulation (GDPR: n\u00b0 2016-679).<\/p>\n\n\n\n<p class=\"has-medium-font-size\"><strong>6.1. Persons responsible for collecting personal data<\/strong><strong><\/strong><\/p>\n\n\n\n<p>For Personal Data collected as part of the creation of the User&#039;s personal account and their navigation on the Site, the person responsible for processing Personal Data is: Coralie Sucheyre EI. www.coraliesucheyre.com is represented by Coralie Sucheyre EI, its legal representative.<\/p>\n\n\n\n<p>As responsible for processing the data it collects, www.coraliesucheyre.com undertakes to respect the framework of the legal provisions in force. It is in particular up to the Client to establish the purposes of its data processing, to provide its prospects and clients, from the collection of their consents, with complete information on the processing of their personal data and to maintain a register of treatments consistent with reality. Each time www.coraliesucheyre.com processes Personal Data, www.coraliesucheyre.com takes all reasonable measures to ensure the accuracy and relevance of the Personal Data with regard to the purposes for which www.coraliesucheyre.com treaty.<\/p>\n\n\n\n<p class=\"has-medium-font-size\"><strong>6.2. Purpose of the data collected<\/strong><strong><\/strong><\/p>\n\n\n\n<p>www.coraliesucheyre.com may process all or part of the data:<\/p>\n\n\n\n<ul class=\"wp-block-list\">\n<li>to allow navigation on the Site and connection to the private space by the user: connection and use data of the Site<\/li>\n\n\n\n<li>to prevent and combat computer fraud (spamming, hacking, etc.): computer equipment used for navigation, IP address, pages visited<\/li>\n\n\n\n<li>to improve navigation on the Site: connection and usage data<\/li>\n<\/ul>\n\n\n\n<p>www.coraliesucheyre.com does not sell your personal data which is therefore only used out of necessity or for statistical and analysis purposes.<\/p>\n\n\n\n<div class=\"wp-block-uagb-advanced-heading uagb-block-0136326e\"><h2 class=\"uagb-heading-text\"><strong>7- Limitation of liability<\/strong><\/h2><\/div>\n\n\n\n<p>The information contained on this site is as accurate as possible and the site is periodically updated, but may however contain inaccuracies, omissions or gaps. If you notice a gap, error or what appears to be a malfunction, please report it by email, describing the problem as precisely as possible (page causing the problem, triggering action, type of computer and browser used). , \u2026). www.coraliesucheyre.com cannot be held responsible for any gaps, errors or malfunctions caused.<\/p>\n\n\n\n<p>Any content downloaded is done at the user&#039;s own risk and under their sole responsibility. Consequently, Coralie Sucheyre EI cannot be held responsible for any damage suffered by the user&#039;s computer or any loss of data following downloading.<\/p>\n\n\n\n<p>The hypertext links set up within the framework of this website towards other resources present on the Internet network cannot engage the responsibility of Coralie Sucheyre EI.<\/p>\n\n\n\n<div class=\"wp-block-uagb-advanced-heading uagb-block-54b96720\"><h2 class=\"uagb-heading-text\"><strong>About legal notices:<\/strong><\/h2><\/div>\n\n\n\n<p>The legal notices defined on this page apply to this entire website and are subject to change without notice. The User of the site is therefore invited to consult them regularly in order to become aware of them.<\/p>\n<\/div>","protected":false},"excerpt":{"rendered":"<p>Mentions l\u00e9gales Conform\u00e9ment aux dispositions des articles 6-III et 19 de la Loi n\u00b0 2004-575 du 21 juin 2004 pour la Confiance dans l&rsquo;\u00e9conomie num\u00e9rique, dite L.C.E.N., nous portons \u00e0 la connaissance des utilisateurs et visiteurs du&nbsp;site www.coraliesucheyre.com&nbsp;les informations suivantes : 1. Informations l\u00e9gales 1.1. Editeur du Site Nom :&nbsp;Coralie Sucheyre EI Adresse :&nbsp;1 passage [&hellip;]<\/p>\n","protected":false},"author":1,"featured_media":0,"parent":0,"menu_order":0,"comment_status":"closed","ping_status":"closed","template":"","meta":{"_uag_custom_page_level_css":"","site-sidebar-layout":"default","site-content-layout":"","ast-site-content-layout":"","site-content-style":"default","site-sidebar-style":"default","ast-global-header-display":"","ast-banner-title-visibility":"","ast-main-header-display":"","ast-hfb-above-header-display":"","ast-hfb-below-header-display":"","ast-hfb-mobile-header-display":"","site-post-title":"","ast-breadcrumbs-content":"","ast-featured-img":"","footer-sml-layout":"","theme-transparent-header-meta":"","adv-header-id-meta":"","stick-header-meta":"","header-above-stick-meta":"","header-main-stick-meta":"","header-below-stick-meta":"","astra-migrate-meta-layouts":"default","ast-page-background-enabled":"default","ast-page-background-meta":{"desktop":{"background-color":"var(--ast-global-color-4)","background-image":"","background-repeat":"repeat","background-position":"center center","background-size":"auto","background-attachment":"scroll","background-type":"","background-media":"","overlay-type":"","overlay-color":"","overlay-opacity":"","overlay-gradient":""},"tablet":{"background-color":"","background-image":"","background-repeat":"repeat","background-position":"center center","background-size":"auto","background-attachment":"scroll","background-type":"","background-media":"","overlay-type":"","overlay-color":"","overlay-opacity":"","overlay-gradient":""},"mobile":{"background-color":"","background-image":"","background-repeat":"repeat","background-position":"center center","background-size":"auto","background-attachment":"scroll","background-type":"","background-media":"","overlay-type":"","overlay-color":"","overlay-opacity":"","overlay-gradient":""}},"ast-content-background-meta":{"desktop":{"background-color":"var(--ast-global-color-5)","background-image":"","background-repeat":"repeat","background-position":"center center","background-size":"auto","background-attachment":"scroll","background-type":"","background-media":"","overlay-type":"","overlay-color":"","overlay-opacity":"","overlay-gradient":""},"tablet":{"background-color":"var(--ast-global-color-5)","background-image":"","background-repeat":"repeat","background-position":"center center","background-size":"auto","background-attachment":"scroll","background-type":"","background-media":"","overlay-type":"","overlay-color":"","overlay-opacity":"","overlay-gradient":""},"mobile":{"background-color":"var(--ast-global-color-5)","background-image":"","background-repeat":"repeat","background-position":"center center","background-size":"auto","background-attachment":"scroll","background-type":"","background-media":"","overlay-type":"","overlay-color":"","overlay-opacity":"","overlay-gradient":""}},"footnotes":""},"class_list":["post-1635","page","type-page","status-publish","hentry"],"yoast_head":"<!-- This site is optimized with the Yoast SEO plugin v27.4 - https:\/\/yoast.com\/product\/yoast-seo-wordpress\/ -->\n<title>Mentions l\u00e9gales - Coralie Sucheyre | Harmonie personnelle et relationnelle | Antibes<\/title>\n<meta name=\"description\" content=\"Mentions l\u00e9gales pour d\u00e9finir le cadre d&#039;utilisation de ce site internet et prot\u00e9ger son auteure et ses utilisateurs.\" \/>\n<meta name=\"robots\" content=\"noindex, nofollow\" \/>\n<meta property=\"og:locale\" content=\"en_GB\" \/>\n<meta property=\"og:type\" content=\"article\" \/>\n<meta property=\"og:title\" content=\"Mentions l\u00e9gales - Coralie Sucheyre | Harmonie personnelle et relationnelle | Antibes\" \/>\n<meta property=\"og:description\" content=\"Mentions l\u00e9gales pour d\u00e9finir le cadre d&#039;utilisation de ce site internet et prot\u00e9ger son auteure et ses utilisateurs.\" \/>\n<meta property=\"og:url\" content=\"https:\/\/www.coraliesucheyre.com\/en\/mentions-legales\/\" \/>\n<meta property=\"og:site_name\" content=\"Coralie Sucheyre | Harmonie personnelle et relationnelle | Antibes\" \/>\n<meta property=\"article:publisher\" content=\"https:\/\/www.facebook.com\/coralie.sucheyre.therapeute\" \/>\n<meta property=\"article:modified_time\" content=\"2024-02-08T19:30:58+00:00\" \/>\n<meta name=\"twitter:card\" content=\"summary_large_image\" \/>\n<meta name=\"twitter:label1\" content=\"Estimated reading time\" \/>\n\t<meta name=\"twitter:data1\" content=\"7 minutes\" \/>\n<script type=\"application\/ld+json\" class=\"yoast-schema-graph\">{\"@context\":\"https:\\\/\\\/schema.org\",\"@graph\":[{\"@type\":\"WebPage\",\"@id\":\"https:\\\/\\\/www.coraliesucheyre.com\\\/mentions-legales\\\/\",\"url\":\"https:\\\/\\\/www.coraliesucheyre.com\\\/mentions-legales\\\/\",\"name\":\"Mentions l\u00e9gales - Coralie Sucheyre | Harmonie personnelle et relationnelle | Antibes\",\"isPartOf\":{\"@id\":\"https:\\\/\\\/www.coraliesucheyre.com\\\/#website\"},\"datePublished\":\"2023-11-29T15:51:22+00:00\",\"dateModified\":\"2024-02-08T19:30:58+00:00\",\"description\":\"Mentions l\u00e9gales pour d\u00e9finir le cadre d'utilisation de ce site internet et prot\u00e9ger son auteure et ses utilisateurs.\",\"inLanguage\":\"en-GB\",\"potentialAction\":[{\"@type\":\"ReadAction\",\"target\":[\"https:\\\/\\\/www.coraliesucheyre.com\\\/mentions-legales\\\/\"]}]},{\"@type\":\"WebSite\",\"@id\":\"https:\\\/\\\/www.coraliesucheyre.com\\\/#website\",\"url\":\"https:\\\/\\\/www.coraliesucheyre.com\\\/\",\"name\":\"Coralie Sucheyre\",\"description\":\"\u00e9motions, confiance en soi, relations\",\"publisher\":{\"@id\":\"https:\\\/\\\/www.coraliesucheyre.com\\\/#organization\"},\"potentialAction\":[{\"@type\":\"SearchAction\",\"target\":{\"@type\":\"EntryPoint\",\"urlTemplate\":\"https:\\\/\\\/www.coraliesucheyre.com\\\/?s={search_term_string}\"},\"query-input\":{\"@type\":\"PropertyValueSpecification\",\"valueRequired\":true,\"valueName\":\"search_term_string\"}}],\"inLanguage\":\"en-GB\"},{\"@type\":\"Organization\",\"@id\":\"https:\\\/\\\/www.coraliesucheyre.com\\\/#organization\",\"name\":\"Coralie Sucheyre EI\",\"url\":\"https:\\\/\\\/www.coraliesucheyre.com\\\/\",\"logo\":{\"@type\":\"ImageObject\",\"inLanguage\":\"en-GB\",\"@id\":\"https:\\\/\\\/www.coraliesucheyre.com\\\/#\\\/schema\\\/logo\\\/image\\\/\",\"url\":\"https:\\\/\\\/www.coraliesucheyre.com\\\/wp-content\\\/uploads\\\/2024\\\/01\\\/cropped-logo-therapeute.png\",\"contentUrl\":\"https:\\\/\\\/www.coraliesucheyre.com\\\/wp-content\\\/uploads\\\/2024\\\/01\\\/cropped-logo-therapeute.png\",\"width\":1354,\"height\":258,\"caption\":\"Coralie Sucheyre EI\"},\"image\":{\"@id\":\"https:\\\/\\\/www.coraliesucheyre.com\\\/#\\\/schema\\\/logo\\\/image\\\/\"},\"sameAs\":[\"https:\\\/\\\/www.facebook.com\\\/coralie.sucheyre.therapeute\",\"https:\\\/\\\/www.instagram.com\\\/coralie.therapeute\\\/\"]}]}<\/script>\n<!-- \/ Yoast SEO plugin. -->","yoast_head_json":{"title":"Mentions l\u00e9gales - Coralie Sucheyre | Harmonie personnelle et relationnelle | Antibes","description":"Mentions l\u00e9gales pour d\u00e9finir le cadre d'utilisation de ce site internet et prot\u00e9ger son auteure et ses utilisateurs.","robots":{"index":"noindex","follow":"nofollow"},"og_locale":"en_GB","og_type":"article","og_title":"Mentions l\u00e9gales - Coralie Sucheyre | Harmonie personnelle et relationnelle | Antibes","og_description":"Mentions l\u00e9gales pour d\u00e9finir le cadre d'utilisation de ce site internet et prot\u00e9ger son auteure et ses utilisateurs.","og_url":"https:\/\/www.coraliesucheyre.com\/en\/mentions-legales\/","og_site_name":"Coralie Sucheyre | Harmonie personnelle et relationnelle | Antibes","article_publisher":"https:\/\/www.facebook.com\/coralie.sucheyre.therapeute","article_modified_time":"2024-02-08T19:30:58+00:00","twitter_card":"summary_large_image","twitter_misc":{"Estimated reading time":"7 minutes"},"schema":{"@context":"https:\/\/schema.org","@graph":[{"@type":"WebPage","@id":"https:\/\/www.coraliesucheyre.com\/mentions-legales\/","url":"https:\/\/www.coraliesucheyre.com\/mentions-legales\/","name":"Mentions l\u00e9gales - Coralie Sucheyre | Harmonie personnelle et relationnelle | Antibes","isPartOf":{"@id":"https:\/\/www.coraliesucheyre.com\/#website"},"datePublished":"2023-11-29T15:51:22+00:00","dateModified":"2024-02-08T19:30:58+00:00","description":"Mentions l\u00e9gales pour d\u00e9finir le cadre d'utilisation de ce site internet et prot\u00e9ger son auteure et ses utilisateurs.","inLanguage":"en-GB","potentialAction":[{"@type":"ReadAction","target":["https:\/\/www.coraliesucheyre.com\/mentions-legales\/"]}]},{"@type":"WebSite","@id":"https:\/\/www.coraliesucheyre.com\/#website","url":"https:\/\/www.coraliesucheyre.com\/","name":"Coralie Sucheyre","description":"emotions, self-confidence, relationships","publisher":{"@id":"https:\/\/www.coraliesucheyre.com\/#organization"},"potentialAction":[{"@type":"SearchAction","target":{"@type":"EntryPoint","urlTemplate":"https:\/\/www.coraliesucheyre.com\/?s={search_term_string}"},"query-input":{"@type":"PropertyValueSpecification","valueRequired":true,"valueName":"search_term_string"}}],"inLanguage":"en-GB"},{"@type":"Organization","@id":"https:\/\/www.coraliesucheyre.com\/#organization","name":"Coralie Sucheyre EI","url":"https:\/\/www.coraliesucheyre.com\/","logo":{"@type":"ImageObject","inLanguage":"en-GB","@id":"https:\/\/www.coraliesucheyre.com\/#\/schema\/logo\/image\/","url":"https:\/\/www.coraliesucheyre.com\/wp-content\/uploads\/2024\/01\/cropped-logo-therapeute.png","contentUrl":"https:\/\/www.coraliesucheyre.com\/wp-content\/uploads\/2024\/01\/cropped-logo-therapeute.png","width":1354,"height":258,"caption":"Coralie Sucheyre EI"},"image":{"@id":"https:\/\/www.coraliesucheyre.com\/#\/schema\/logo\/image\/"},"sameAs":["https:\/\/www.facebook.com\/coralie.sucheyre.therapeute","https:\/\/www.instagram.com\/coralie.therapeute\/"]}]}},"uagb_featured_image_src":{"full":false,"thumbnail":false,"medium":false,"medium_large":false,"large":false,"1536x1536":false,"2048x2048":false,"trp-custom-language-flag":false},"uagb_author_info":{"display_name":"Coralie","author_link":"https:\/\/www.coraliesucheyre.com\/en\/author\/coralie-consultante\/"},"uagb_comment_info":0,"uagb_excerpt":"Mentions l\u00e9gales Conform\u00e9ment aux dispositions des articles 6-III et 19 de la Loi n\u00b0 2004-575 du 21 juin 2004 pour la Confiance dans l&rsquo;\u00e9conomie num\u00e9rique, dite L.C.E.N., nous portons \u00e0 la connaissance des utilisateurs et visiteurs du&nbsp;site www.coraliesucheyre.com&nbsp;les informations suivantes : 1. Informations l\u00e9gales 1.1. Editeur du Site Nom :&nbsp;Coralie Sucheyre EI Adresse :&nbsp;1 passage&hellip;","_links":{"self":[{"href":"https:\/\/www.coraliesucheyre.com\/en\/wp-json\/wp\/v2\/pages\/1635","targetHints":{"allow":["GET"]}}],"collection":[{"href":"https:\/\/www.coraliesucheyre.com\/en\/wp-json\/wp\/v2\/pages"}],"about":[{"href":"https:\/\/www.coraliesucheyre.com\/en\/wp-json\/wp\/v2\/types\/page"}],"author":[{"embeddable":true,"href":"https:\/\/www.coraliesucheyre.com\/en\/wp-json\/wp\/v2\/users\/1"}],"replies":[{"embeddable":true,"href":"https:\/\/www.coraliesucheyre.com\/en\/wp-json\/wp\/v2\/comments?post=1635"}],"version-history":[{"count":8,"href":"https:\/\/www.coraliesucheyre.com\/en\/wp-json\/wp\/v2\/pages\/1635\/revisions"}],"predecessor-version":[{"id":2341,"href":"https:\/\/www.coraliesucheyre.com\/en\/wp-json\/wp\/v2\/pages\/1635\/revisions\/2341"}],"wp:attachment":[{"href":"https:\/\/www.coraliesucheyre.com\/en\/wp-json\/wp\/v2\/media?parent=1635"}],"curies":[{"name":"wp","href":"https:\/\/api.w.org\/{rel}","templated":true}]}}