{"id":1626,"date":"2023-11-29T15:32:15","date_gmt":"2023-11-29T15:32:15","guid":{"rendered":"https:\/\/www.coraliesucheyre.com\/?page_id=1626"},"modified":"2023-11-29T16:09:56","modified_gmt":"2023-11-29T16:09:56","slug":"politique-de-confidentialite","status":"publish","type":"page","link":"https:\/\/www.coraliesucheyre.com\/en\/politique-de-confidentialite\/","title":{"rendered":"Privacy Policy"},"content":{"rendered":"<div class=\"wp-block-uagb-container uagb-block-8293c2ab alignfull uagb-is-root-container\"><div class=\"uagb-container-inner-blocks-wrap\">\n<p>The protection of Personal Data is a major concern for https:\/\/www.coraliesucheyre.com. Therefore, the transparency of processing of the Personal Data that I collect is a commitment for me. This Charter aims to provide you with all relevant information relating to the processing of Personal Data which may be collected on this site.&nbsp;<a href=\"https:\/\/www.coraliesucheyre.com\/en\/\">https:\/\/www.coraliesucheyre.com<\/a>&nbsp;.<\/p>\n\n\n\n<p><strong>Who are we ?<\/strong><\/p>\n\n\n\n<p>Coralie Sucheyre operates the website https:\/\/www.coraliesucheyre.com\/.<\/p>\n\n\n\n<p><strong>Comments<\/strong><\/p>\n\n\n\n<p>When you leave a comment on my site, the data entered in the comment form, as well as your IP address and the user agent of your browser are collected to help me detect unwanted comments.<\/p>\n\n\n\n<p>An anonymized string created from your email address (also called a hash) may be sent to the Gravatar service to check whether you are using it. The confidentiality provisions of the Gravatar service are available here: https:\/\/automattic.com\/privacy\/. After validation of your comment, your profile photo will be publicly visible next to your comment.<\/p>\n\n\n\n<p><strong>Media<\/strong><\/p>\n\n\n\n<p>If you upload images to the site, I advise you to avoid uploading images that contain EXIF GPS coordinate data. People visiting your site can download and extract location data from these images.<\/p>\n\n\n\n<p><strong>Contact forms<\/strong><\/p>\n\n\n\n<p>In all forms, only your first name, last name and email address are recorded.<\/p>\n\n\n\n<p>Your personal information will only be used by https:\/\/www.coraliesucheyre.com, and it will never be disclosed, transferred or sold.<\/p>\n\n\n\n<p>Your data will be saved without time limit, but will be immediately deleted if one day you choose to unsubscribe.<\/p>\n\n\n\n<p>You can unsubscribe at any time by clicking on \u201cUnsubscribe\u201d at the bottom of the messages or by sending me a simple message on the Contact page.<\/p>\n\n\n\n<p>You can modify your data at any time by clicking on \u201cChange Subscriber Options\u201d at the bottom of the messages or by sending me a simple message on the Contact page.<\/p>\n\n\n\n<p><strong>Cookies<\/strong><\/p>\n\n\n\n<p>If you leave a comment on my site, you will be asked to save your name, email address and website in cookies. This is only for your convenience so that you do not have to fill in this information if you leave another comment later. These cookies expire after one year.<\/p>\n\n\n\n<p>If you go to the login page, a temporary cookie will be created to determine whether your browser accepts cookies. It does not contain personal data and will be deleted automatically when you close your browser.<\/p>\n\n\n\n<p>When you log in, we will set a number of cookies to save your login information and screen preferences. The lifespan of a connection cookie is two days, that of a screen option cookie is one year. If you check \u201cRemember me\u201d, your login cookie will be retained for two weeks. If you log out of your account, the login cookie will be deleted.<\/p>\n\n\n\n<p>By editing or publishing a post, an additional cookie will be stored in your browser. This cookie does not include any personal data. It simply shows the ID of the post you just edited. It expires after one day.<\/p>\n\n\n\n<p><strong>Content embedded from other sites<\/strong><\/p>\n\n\n\n<p>Articles on this site may include embedded content (e.g. videos, images, articles, etc.). Content embedded from other sites behaves the same as if the visitor went to that other site.<\/p>\n\n\n\n<p>These websites could collect data about you, use cookies, embed third-party tracking tools, track your interactions with this embedded content if you have an account connected to their website.<\/p>\n\n\n\n<p><strong>Audience statistics and measurements<\/strong><\/p>\n\n\n\n<p>This site uses the solution (not implemented at the moment) to collect your browsing data in order to improve the user experience.<\/p>\n\n\n\n<p>You can object to the tracking of your browsing on this website by writing to webmaster coralie.consultante@gmail.com. This will protect your privacy, but also prevent the owner from learning from your actions and creating a better experience for you and other users.<\/p>\n\n\n\n<p><strong>Use and transmission of your personal data<\/strong><\/p>\n\n\n\n<p>If you request a password reset, your IP address will be included in the reset email.<\/p>\n\n\n\n<p><strong>Storage times for your data<\/strong><\/p>\n\n\n\n<p>If you leave a comment, the comment and its metadata are retained indefinitely. This allows subsequent comments to be automatically recognized and approved instead of leaving them in the moderation queue.<\/p>\n\n\n\n<p>For accounts that register on my site (if applicable), we also store the personal data indicated in their profile. All accounts can view, edit or delete their personal information at any time (except their username). Site managers can also view and modify this information.<\/p>\n\n\n\n<p><strong>The rights you have over your data<\/strong><\/p>\n\n\n\n<p>If you have an account or have left comments on the site, you can request to receive a file containing all the personal data that I have about you, including that which you have provided to us. You can also request the deletion of personal data concerning you. This does not take into account data stored for administrative, legal or security purposes.<\/p>\n\n\n\n<p><strong>Where your data is sent<\/strong><\/p>\n\n\n\n<p>Visitor comments may be checked using an automated spam comment detection service.<\/p>\n<\/div><\/div>","protected":false},"excerpt":{"rendered":"<p>La protection des Donn\u00e9es Personnelles est une pr\u00e9occupation majeure pour&nbsp;https:\/\/www.coraliesucheyre.com. Ainsi, la transparence de traitement des Donn\u00e9es Personnelles que je collecte est un engagement pour moi. La pr\u00e9sente Charte vise \u00e0 vous fournir toutes les informations pertinentes relatives au traitement des Donn\u00e9es Personnelles qui peuvent \u00eatre collect\u00e9es sur ce site&nbsp;https:\/\/www.coraliesucheyre.com&nbsp;. Qui sommes-nous&nbsp;? Coralie Sucheyre exploite [&hellip;]<\/p>\n","protected":false},"author":1,"featured_media":0,"parent":0,"menu_order":0,"comment_status":"closed","ping_status":"closed","template":"","meta":{"_uag_custom_page_level_css":"","site-sidebar-layout":"default","site-content-layout":"","ast-site-content-layout":"","site-content-style":"default","site-sidebar-style":"default","ast-global-header-display":"","ast-banner-title-visibility":"","ast-main-header-display":"","ast-hfb-above-header-display":"","ast-hfb-below-header-display":"","ast-hfb-mobile-header-display":"","site-post-title":"","ast-breadcrumbs-content":"","ast-featured-img":"","footer-sml-layout":"","theme-transparent-header-meta":"","adv-header-id-meta":"","stick-header-meta":"","header-above-stick-meta":"","header-main-stick-meta":"","header-below-stick-meta":"","astra-migrate-meta-layouts":"default","ast-page-background-enabled":"default","ast-page-background-meta":{"desktop":{"background-color":"var(--ast-global-color-4)","background-image":"","background-repeat":"repeat","background-position":"center center","background-size":"auto","background-attachment":"scroll","background-type":"","background-media":"","overlay-type":"","overlay-color":"","overlay-opacity":"","overlay-gradient":""},"tablet":{"background-color":"","background-image":"","background-repeat":"repeat","background-position":"center center","background-size":"auto","background-attachment":"scroll","background-type":"","background-media":"","overlay-type":"","overlay-color":"","overlay-opacity":"","overlay-gradient":""},"mobile":{"background-color":"","background-image":"","background-repeat":"repeat","background-position":"center center","background-size":"auto","background-attachment":"scroll","background-type":"","background-media":"","overlay-type":"","overlay-color":"","overlay-opacity":"","overlay-gradient":""}},"ast-content-background-meta":{"desktop":{"background-color":"var(--ast-global-color-5)","background-image":"","background-repeat":"repeat","background-position":"center center","background-size":"auto","background-attachment":"scroll","background-type":"","background-media":"","overlay-type":"","overlay-color":"","overlay-opacity":"","overlay-gradient":""},"tablet":{"background-color":"var(--ast-global-color-5)","background-image":"","background-repeat":"repeat","background-position":"center center","background-size":"auto","background-attachment":"scroll","background-type":"","background-media":"","overlay-type":"","overlay-color":"","overlay-opacity":"","overlay-gradient":""},"mobile":{"background-color":"var(--ast-global-color-5)","background-image":"","background-repeat":"repeat","background-position":"center center","background-size":"auto","background-attachment":"scroll","background-type":"","background-media":"","overlay-type":"","overlay-color":"","overlay-opacity":"","overlay-gradient":""}},"footnotes":""},"class_list":["post-1626","page","type-page","status-publish","hentry"],"yoast_head":"<!-- This site is optimized with the Yoast SEO plugin v27.4 - https:\/\/yoast.com\/product\/yoast-seo-wordpress\/ -->\n<title>Politique de confidentialit\u00e9 - Coralie Sucheyre | Harmonie personnelle et relationnelle | Antibes<\/title>\n<meta name=\"robots\" content=\"index, follow, max-snippet:-1, max-image-preview:large, max-video-preview:-1\" \/>\n<link rel=\"canonical\" href=\"https:\/\/www.coraliesucheyre.com\/en\/politique-de-confidentialite\/\" \/>\n<meta property=\"og:locale\" content=\"en_GB\" \/>\n<meta property=\"og:type\" content=\"article\" \/>\n<meta property=\"og:title\" content=\"Politique de confidentialit\u00e9 - Coralie Sucheyre | Harmonie personnelle et relationnelle | Antibes\" \/>\n<meta property=\"og:description\" content=\"La protection des Donn\u00e9es Personnelles est une pr\u00e9occupation majeure pour&nbsp;https:\/\/www.coraliesucheyre.com. Ainsi, la transparence de traitement des Donn\u00e9es Personnelles que je collecte est un engagement pour moi. La pr\u00e9sente Charte vise \u00e0 vous fournir toutes les informations pertinentes relatives au traitement des Donn\u00e9es Personnelles qui peuvent \u00eatre collect\u00e9es sur ce site&nbsp;https:\/\/www.coraliesucheyre.com&nbsp;. Qui sommes-nous&nbsp;? Coralie Sucheyre exploite [&hellip;]\" \/>\n<meta property=\"og:url\" content=\"https:\/\/www.coraliesucheyre.com\/en\/politique-de-confidentialite\/\" \/>\n<meta property=\"og:site_name\" content=\"Coralie Sucheyre | Harmonie personnelle et relationnelle | Antibes\" \/>\n<meta property=\"article:publisher\" content=\"https:\/\/www.facebook.com\/coralie.sucheyre.therapeute\" \/>\n<meta property=\"article:modified_time\" content=\"2023-11-29T16:09:56+00:00\" \/>\n<meta name=\"twitter:card\" content=\"summary_large_image\" \/>\n<meta name=\"twitter:label1\" content=\"Estimated reading time\" \/>\n\t<meta name=\"twitter:data1\" content=\"5 minutes\" \/>\n<script type=\"application\/ld+json\" class=\"yoast-schema-graph\">{\"@context\":\"https:\\\/\\\/schema.org\",\"@graph\":[{\"@type\":\"WebPage\",\"@id\":\"https:\\\/\\\/www.coraliesucheyre.com\\\/politique-de-confidentialite\\\/\",\"url\":\"https:\\\/\\\/www.coraliesucheyre.com\\\/politique-de-confidentialite\\\/\",\"name\":\"Politique de confidentialit\u00e9 - Coralie Sucheyre | Harmonie personnelle et relationnelle | Antibes\",\"isPartOf\":{\"@id\":\"https:\\\/\\\/www.coraliesucheyre.com\\\/#website\"},\"datePublished\":\"2023-11-29T15:32:15+00:00\",\"dateModified\":\"2023-11-29T16:09:56+00:00\",\"inLanguage\":\"en-GB\",\"potentialAction\":[{\"@type\":\"ReadAction\",\"target\":[\"https:\\\/\\\/www.coraliesucheyre.com\\\/politique-de-confidentialite\\\/\"]}]},{\"@type\":\"WebSite\",\"@id\":\"https:\\\/\\\/www.coraliesucheyre.com\\\/#website\",\"url\":\"https:\\\/\\\/www.coraliesucheyre.com\\\/\",\"name\":\"Coralie Sucheyre\",\"description\":\"\u00e9motions, confiance en soi, relations\",\"publisher\":{\"@id\":\"https:\\\/\\\/www.coraliesucheyre.com\\\/#organization\"},\"potentialAction\":[{\"@type\":\"SearchAction\",\"target\":{\"@type\":\"EntryPoint\",\"urlTemplate\":\"https:\\\/\\\/www.coraliesucheyre.com\\\/?s={search_term_string}\"},\"query-input\":{\"@type\":\"PropertyValueSpecification\",\"valueRequired\":true,\"valueName\":\"search_term_string\"}}],\"inLanguage\":\"en-GB\"},{\"@type\":\"Organization\",\"@id\":\"https:\\\/\\\/www.coraliesucheyre.com\\\/#organization\",\"name\":\"Coralie Sucheyre EI\",\"url\":\"https:\\\/\\\/www.coraliesucheyre.com\\\/\",\"logo\":{\"@type\":\"ImageObject\",\"inLanguage\":\"en-GB\",\"@id\":\"https:\\\/\\\/www.coraliesucheyre.com\\\/#\\\/schema\\\/logo\\\/image\\\/\",\"url\":\"https:\\\/\\\/www.coraliesucheyre.com\\\/wp-content\\\/uploads\\\/2024\\\/01\\\/cropped-logo-therapeute.png\",\"contentUrl\":\"https:\\\/\\\/www.coraliesucheyre.com\\\/wp-content\\\/uploads\\\/2024\\\/01\\\/cropped-logo-therapeute.png\",\"width\":1354,\"height\":258,\"caption\":\"Coralie Sucheyre EI\"},\"image\":{\"@id\":\"https:\\\/\\\/www.coraliesucheyre.com\\\/#\\\/schema\\\/logo\\\/image\\\/\"},\"sameAs\":[\"https:\\\/\\\/www.facebook.com\\\/coralie.sucheyre.therapeute\",\"https:\\\/\\\/www.instagram.com\\\/coralie.therapeute\\\/\"]}]}<\/script>\n<!-- \/ Yoast SEO plugin. -->","yoast_head_json":{"title":"Politique de confidentialit\u00e9 - Coralie Sucheyre | Harmonie personnelle et relationnelle | Antibes","robots":{"index":"index","follow":"follow","max-snippet":"max-snippet:-1","max-image-preview":"max-image-preview:large","max-video-preview":"max-video-preview:-1"},"canonical":"https:\/\/www.coraliesucheyre.com\/en\/politique-de-confidentialite\/","og_locale":"en_GB","og_type":"article","og_title":"Politique de confidentialit\u00e9 - Coralie Sucheyre | Harmonie personnelle et relationnelle | Antibes","og_description":"La protection des Donn\u00e9es Personnelles est une pr\u00e9occupation majeure pour&nbsp;https:\/\/www.coraliesucheyre.com. Ainsi, la transparence de traitement des Donn\u00e9es Personnelles que je collecte est un engagement pour moi. La pr\u00e9sente Charte vise \u00e0 vous fournir toutes les informations pertinentes relatives au traitement des Donn\u00e9es Personnelles qui peuvent \u00eatre collect\u00e9es sur ce site&nbsp;https:\/\/www.coraliesucheyre.com&nbsp;. Qui sommes-nous&nbsp;? Coralie Sucheyre exploite [&hellip;]","og_url":"https:\/\/www.coraliesucheyre.com\/en\/politique-de-confidentialite\/","og_site_name":"Coralie Sucheyre | Harmonie personnelle et relationnelle | Antibes","article_publisher":"https:\/\/www.facebook.com\/coralie.sucheyre.therapeute","article_modified_time":"2023-11-29T16:09:56+00:00","twitter_card":"summary_large_image","twitter_misc":{"Estimated reading time":"5 minutes"},"schema":{"@context":"https:\/\/schema.org","@graph":[{"@type":"WebPage","@id":"https:\/\/www.coraliesucheyre.com\/politique-de-confidentialite\/","url":"https:\/\/www.coraliesucheyre.com\/politique-de-confidentialite\/","name":"Politique de confidentialit\u00e9 - Coralie Sucheyre | Harmonie personnelle et relationnelle | Antibes","isPartOf":{"@id":"https:\/\/www.coraliesucheyre.com\/#website"},"datePublished":"2023-11-29T15:32:15+00:00","dateModified":"2023-11-29T16:09:56+00:00","inLanguage":"en-GB","potentialAction":[{"@type":"ReadAction","target":["https:\/\/www.coraliesucheyre.com\/politique-de-confidentialite\/"]}]},{"@type":"WebSite","@id":"https:\/\/www.coraliesucheyre.com\/#website","url":"https:\/\/www.coraliesucheyre.com\/","name":"Coralie Sucheyre","description":"emotions, self-confidence, relationships","publisher":{"@id":"https:\/\/www.coraliesucheyre.com\/#organization"},"potentialAction":[{"@type":"SearchAction","target":{"@type":"EntryPoint","urlTemplate":"https:\/\/www.coraliesucheyre.com\/?s={search_term_string}"},"query-input":{"@type":"PropertyValueSpecification","valueRequired":true,"valueName":"search_term_string"}}],"inLanguage":"en-GB"},{"@type":"Organization","@id":"https:\/\/www.coraliesucheyre.com\/#organization","name":"Coralie Sucheyre EI","url":"https:\/\/www.coraliesucheyre.com\/","logo":{"@type":"ImageObject","inLanguage":"en-GB","@id":"https:\/\/www.coraliesucheyre.com\/#\/schema\/logo\/image\/","url":"https:\/\/www.coraliesucheyre.com\/wp-content\/uploads\/2024\/01\/cropped-logo-therapeute.png","contentUrl":"https:\/\/www.coraliesucheyre.com\/wp-content\/uploads\/2024\/01\/cropped-logo-therapeute.png","width":1354,"height":258,"caption":"Coralie Sucheyre EI"},"image":{"@id":"https:\/\/www.coraliesucheyre.com\/#\/schema\/logo\/image\/"},"sameAs":["https:\/\/www.facebook.com\/coralie.sucheyre.therapeute","https:\/\/www.instagram.com\/coralie.therapeute\/"]}]}},"uagb_featured_image_src":{"full":false,"thumbnail":false,"medium":false,"medium_large":false,"large":false,"1536x1536":false,"2048x2048":false,"trp-custom-language-flag":false},"uagb_author_info":{"display_name":"Coralie","author_link":"https:\/\/www.coraliesucheyre.com\/en\/author\/coralie-consultante\/"},"uagb_comment_info":0,"uagb_excerpt":"La protection des Donn\u00e9es Personnelles est une pr\u00e9occupation majeure pour&nbsp;https:\/\/www.coraliesucheyre.com. Ainsi, la transparence de traitement des Donn\u00e9es Personnelles que je collecte est un engagement pour moi. La pr\u00e9sente Charte vise \u00e0 vous fournir toutes les informations pertinentes relatives au traitement des Donn\u00e9es Personnelles qui peuvent \u00eatre collect\u00e9es sur ce site&nbsp;https:\/\/www.coraliesucheyre.com&nbsp;. Qui sommes-nous&nbsp;? Coralie Sucheyre exploite&hellip;","_links":{"self":[{"href":"https:\/\/www.coraliesucheyre.com\/en\/wp-json\/wp\/v2\/pages\/1626","targetHints":{"allow":["GET"]}}],"collection":[{"href":"https:\/\/www.coraliesucheyre.com\/en\/wp-json\/wp\/v2\/pages"}],"about":[{"href":"https:\/\/www.coraliesucheyre.com\/en\/wp-json\/wp\/v2\/types\/page"}],"author":[{"embeddable":true,"href":"https:\/\/www.coraliesucheyre.com\/en\/wp-json\/wp\/v2\/users\/1"}],"replies":[{"embeddable":true,"href":"https:\/\/www.coraliesucheyre.com\/en\/wp-json\/wp\/v2\/comments?post=1626"}],"version-history":[{"count":4,"href":"https:\/\/www.coraliesucheyre.com\/en\/wp-json\/wp\/v2\/pages\/1626\/revisions"}],"predecessor-version":[{"id":1640,"href":"https:\/\/www.coraliesucheyre.com\/en\/wp-json\/wp\/v2\/pages\/1626\/revisions\/1640"}],"wp:attachment":[{"href":"https:\/\/www.coraliesucheyre.com\/en\/wp-json\/wp\/v2\/media?parent=1626"}],"curies":[{"name":"wp","href":"https:\/\/api.w.org\/{rel}","templated":true}]}}