{"id":1056,"date":"2023-10-24T21:07:37","date_gmt":"2023-10-24T21:07:37","guid":{"rendered":"https:\/\/www.coraliesucheyre.com\/?page_id=1056"},"modified":"2023-11-30T17:30:07","modified_gmt":"2023-11-30T17:30:07","slug":"questions-frequentes","status":"publish","type":"page","link":"https:\/\/www.coraliesucheyre.com\/en\/questions-frequentes\/","title":{"rendered":"frequently asked Questions"},"content":{"rendered":"<div class=\"wp-block-uagb-advanced-heading uagb-block-15319f28\"><h2 class=\"uagb-heading-text\">What is the helping relationship?<\/h2><\/div>\n\n\n\n<div class=\"wp-block-uagb-separator uagb-block-c64d90b6\"><div class=\"wp-block-uagb-separator__inner\" style=\"--my-background-image:\"><\/div><\/div>\n\n\n\n<p class=\"has-medium-font-size\">There&nbsp;<strong>counseling<\/strong>&nbsp;is a support relationship which aims to support and develop a person&#039;s skills to help them understand their difficulties and achieve the objectives they have set for themselves. Its primary objective is to<strong>improve quality of life and establish personal well-being<\/strong>.<\/p>\n\n\n\n<p class=\"has-medium-font-size\">What it allows the person:&nbsp;<\/p>\n\n\n\n<ul class=\"wp-block-list\">\n<li class=\"has-medium-font-size\">Develop the skills necessary to face the difficulties of everyday life.<\/li>\n\n\n\n<li class=\"has-medium-font-size\">Acquire knowledge and concrete means to&nbsp;<strong>transform a problematic situation<\/strong>.<\/li>\n\n\n\n<li class=\"has-medium-font-size\">Identify the difficulties that hinder your development.<\/li>\n\n\n\n<li class=\"has-medium-font-size\">Learn effective strategies to develop your&nbsp;<strong>autonomy<\/strong>.&nbsp;<\/li>\n<\/ul>\n\n\n\n<p class=\"has-medium-font-size\"><strong>The helping relationship: to learn to BE WELL<\/strong><\/p>\n\n\n\n<div class=\"wp-block-uagb-separator uagb-block-c64d90b6\"><div class=\"wp-block-uagb-separator__inner\" style=\"--my-background-image:\"><\/div><\/div>\n\n\n\n<div class=\"wp-block-uagb-advanced-heading uagb-block-23555888\"><h2 class=\"uagb-heading-text\">Who are your consultations aimed at?<\/h2><\/div>\n\n\n\n<div class=\"wp-block-uagb-separator uagb-block-47f5e2b7\"><div class=\"wp-block-uagb-separator__inner\" style=\"--my-background-image:\"><\/div><\/div>\n\n\n\n<p class=\"has-medium-font-size\">To all people who:<\/p>\n\n\n\n<ul class=\"wp-block-list\">\n<li class=\"has-medium-font-size\">Want to develop personal skills to achieve a goal<\/li>\n\n\n\n<li class=\"has-medium-font-size\">Want to improve their relationship with themselves and others<\/li>\n\n\n\n<li class=\"has-medium-font-size\">Express specific needs in terms of personal or professional development<\/li>\n<\/ul>\n\n\n\n<p class=\"has-medium-font-size\">It is important to be aware that it is not psychotherapy that allows you to manage a crisis situation or psychological distress, or even a mental health problem. If you want to know the difference between the \u201chelping relationship\u201d and \u201cpsychotherapy\u201d, you will find an explanatory text in&nbsp;<a href=\"https:\/\/www.ecoutetoncorps.com\/fr\/ateliers\/developpement-personnel\/les-differences-entre-le-developpement-personnel-et-la-psychotherapie\/\" target=\"_blank\" rel=\"noreferrer noopener\">clicking here<\/a>.<\/p>\n\n\n\n<div class=\"wp-block-uagb-separator uagb-block-b50e0c24\"><div class=\"wp-block-uagb-separator__inner\" style=\"--my-background-image:\"><\/div><\/div>\n\n\n\n<div class=\"wp-block-uagb-advanced-heading uagb-block-e76c0901\"><h2 class=\"uagb-heading-text\">Can I heal all my wounds so I never suffer again?<\/h2><\/div>\n\n\n\n<div class=\"wp-block-uagb-separator uagb-block-019e6cc9\"><div class=\"wp-block-uagb-separator__inner\" style=\"--my-background-image:\"><\/div><\/div>\n\n\n\n<p class=\"has-medium-font-size\">As you move forward, your wounds heal and you learn to deal with suffering differently. Your unpleasant emotions become a valuable indicator of the need to refocus to meet your true needs. It is not a question of no longer experiencing unpleasant emotions but of using them for our greater good. And the more you practice with the tools that I teach you, the faster the suffering dissipates. I think we never suffer again at all, as long as we remain a human being. However, we suffer for less time and with more usefulness to go towards what we want.<\/p>\n\n\n\n<div class=\"wp-block-uagb-separator uagb-block-6b55c03c\"><div class=\"wp-block-uagb-separator__inner\" style=\"--my-background-image:\"><\/div><\/div>\n\n\n\n<div class=\"wp-block-uagb-advanced-heading uagb-block-6b55c03c\"><h2 class=\"uagb-heading-text\">Do you believe that the perfect couple exists?<\/h2><\/div>\n\n\n\n<div class=\"wp-block-uagb-separator uagb-block-be226b4d\"><div class=\"wp-block-uagb-separator__inner\" style=\"--my-background-image:\"><\/div><\/div>\n\n\n\n<p class=\"has-medium-font-size\">The perfect couple in general, no. The perfect couple for you, yes! The couple is an opportunity to grow, to evolve, to know each other and to choose (oneself). Being with the right partner for you is not a long, quiet river but a house that is built, step by step. You can decide to make it a cabin or a palace and live there like a beggar or like a king or queen.<\/p>\n\n\n\n<div class=\"wp-block-uagb-separator uagb-block-f4cffbec\"><div class=\"wp-block-uagb-separator__inner\" style=\"--my-background-image:\"><\/div><\/div>","protected":false},"excerpt":{"rendered":"<p>Qu&rsquo;est-ce que la relation d&rsquo;aide ? La&nbsp;relation d&rsquo;aide&nbsp;est une relation d&rsquo;accompagnement qui vise \u00e0 soutenir et d\u00e9velopper les comp\u00e9tences d\u2019une personne pour l\u2019aider \u00e0 comprendre ses difficult\u00e9s et \u00e0 atteindre les objectifs qu\u2019elle s\u2019est fix\u00e9s. Elle a pour objectif premier d\u2019am\u00e9liorer la qualit\u00e9 de vie et d\u2019instaurer un bien-\u00eatre personnel. Ce qu&rsquo;elle permet \u00e0 la [&hellip;]<\/p>\n","protected":false},"author":1,"featured_media":0,"parent":0,"menu_order":0,"comment_status":"closed","ping_status":"closed","template":"","meta":{"_uag_custom_page_level_css":"","site-sidebar-layout":"default","site-content-layout":"","ast-site-content-layout":"","site-content-style":"default","site-sidebar-style":"default","ast-global-header-display":"","ast-banner-title-visibility":"","ast-main-header-display":"","ast-hfb-above-header-display":"","ast-hfb-below-header-display":"","ast-hfb-mobile-header-display":"","site-post-title":"disabled","ast-breadcrumbs-content":"","ast-featured-img":"","footer-sml-layout":"","theme-transparent-header-meta":"","adv-header-id-meta":"","stick-header-meta":"","header-above-stick-meta":"","header-main-stick-meta":"","header-below-stick-meta":"","astra-migrate-meta-layouts":"","ast-page-background-enabled":"default","ast-page-background-meta":{"desktop":{"background-color":"var(--ast-global-color-4)","background-image":"","background-repeat":"repeat","background-position":"center center","background-size":"auto","background-attachment":"scroll","background-type":"","background-media":"","overlay-type":"","overlay-color":"","overlay-opacity":"","overlay-gradient":""},"tablet":{"background-color":"","background-image":"","background-repeat":"repeat","background-position":"center center","background-size":"auto","background-attachment":"scroll","background-type":"","background-media":"","overlay-type":"","overlay-color":"","overlay-opacity":"","overlay-gradient":""},"mobile":{"background-color":"","background-image":"","background-repeat":"repeat","background-position":"center center","background-size":"auto","background-attachment":"scroll","background-type":"","background-media":"","overlay-type":"","overlay-color":"","overlay-opacity":"","overlay-gradient":""}},"ast-content-background-meta":{"desktop":{"background-color":"var(--ast-global-color-5)","background-image":"","background-repeat":"repeat","background-position":"center center","background-size":"auto","background-attachment":"scroll","background-type":"","background-media":"","overlay-type":"","overlay-color":"","overlay-opacity":"","overlay-gradient":""},"tablet":{"background-color":"var(--ast-global-color-5)","background-image":"","background-repeat":"repeat","background-position":"center center","background-size":"auto","background-attachment":"scroll","background-type":"","background-media":"","overlay-type":"","overlay-color":"","overlay-opacity":"","overlay-gradient":""},"mobile":{"background-color":"var(--ast-global-color-5)","background-image":"","background-repeat":"repeat","background-position":"center center","background-size":"auto","background-attachment":"scroll","background-type":"","background-media":"","overlay-type":"","overlay-color":"","overlay-opacity":"","overlay-gradient":""}},"footnotes":""},"class_list":["post-1056","page","type-page","status-publish","hentry"],"yoast_head":"<!-- This site is optimized with the Yoast SEO plugin v27.4 - https:\/\/yoast.com\/product\/yoast-seo-wordpress\/ -->\n<title>Questions fr\u00e9quentes - Coralie Sucheyre | Harmonie personnelle et relationnelle | Antibes<\/title>\n<meta name=\"robots\" content=\"index, follow, max-snippet:-1, max-image-preview:large, max-video-preview:-1\" \/>\n<link rel=\"canonical\" href=\"https:\/\/www.coraliesucheyre.com\/en\/questions-frequentes\/\" \/>\n<meta property=\"og:locale\" content=\"en_GB\" \/>\n<meta property=\"og:type\" content=\"article\" \/>\n<meta property=\"og:title\" content=\"Questions fr\u00e9quentes - Coralie Sucheyre | Harmonie personnelle et relationnelle | Antibes\" \/>\n<meta property=\"og:description\" content=\"Qu&rsquo;est-ce que la relation d&rsquo;aide ? La&nbsp;relation d&rsquo;aide&nbsp;est une relation d&rsquo;accompagnement qui vise \u00e0 soutenir et d\u00e9velopper les comp\u00e9tences d\u2019une personne pour l\u2019aider \u00e0 comprendre ses difficult\u00e9s et \u00e0 atteindre les objectifs qu\u2019elle s\u2019est fix\u00e9s. Elle a pour objectif premier d\u2019am\u00e9liorer la qualit\u00e9 de vie et d\u2019instaurer un bien-\u00eatre personnel. Ce qu&rsquo;elle permet \u00e0 la [&hellip;]\" \/>\n<meta property=\"og:url\" content=\"https:\/\/www.coraliesucheyre.com\/en\/questions-frequentes\/\" \/>\n<meta property=\"og:site_name\" content=\"Coralie Sucheyre | Harmonie personnelle et relationnelle | Antibes\" \/>\n<meta property=\"article:publisher\" content=\"https:\/\/www.facebook.com\/coralie.sucheyre.therapeute\" \/>\n<meta property=\"article:modified_time\" content=\"2023-11-30T17:30:07+00:00\" \/>\n<meta name=\"twitter:card\" content=\"summary_large_image\" \/>\n<meta name=\"twitter:label1\" content=\"Estimated reading time\" \/>\n\t<meta name=\"twitter:data1\" content=\"2 minutes\" \/>\n<script type=\"application\/ld+json\" class=\"yoast-schema-graph\">{\"@context\":\"https:\\\/\\\/schema.org\",\"@graph\":[{\"@type\":\"WebPage\",\"@id\":\"https:\\\/\\\/www.coraliesucheyre.com\\\/questions-frequentes\\\/\",\"url\":\"https:\\\/\\\/www.coraliesucheyre.com\\\/questions-frequentes\\\/\",\"name\":\"Questions fr\u00e9quentes - Coralie Sucheyre | Harmonie personnelle et relationnelle | Antibes\",\"isPartOf\":{\"@id\":\"https:\\\/\\\/www.coraliesucheyre.com\\\/#website\"},\"datePublished\":\"2023-10-24T21:07:37+00:00\",\"dateModified\":\"2023-11-30T17:30:07+00:00\",\"inLanguage\":\"en-GB\",\"potentialAction\":[{\"@type\":\"ReadAction\",\"target\":[\"https:\\\/\\\/www.coraliesucheyre.com\\\/questions-frequentes\\\/\"]}]},{\"@type\":\"WebSite\",\"@id\":\"https:\\\/\\\/www.coraliesucheyre.com\\\/#website\",\"url\":\"https:\\\/\\\/www.coraliesucheyre.com\\\/\",\"name\":\"Coralie Sucheyre\",\"description\":\"\u00e9motions, confiance en soi, relations\",\"publisher\":{\"@id\":\"https:\\\/\\\/www.coraliesucheyre.com\\\/#organization\"},\"potentialAction\":[{\"@type\":\"SearchAction\",\"target\":{\"@type\":\"EntryPoint\",\"urlTemplate\":\"https:\\\/\\\/www.coraliesucheyre.com\\\/?s={search_term_string}\"},\"query-input\":{\"@type\":\"PropertyValueSpecification\",\"valueRequired\":true,\"valueName\":\"search_term_string\"}}],\"inLanguage\":\"en-GB\"},{\"@type\":\"Organization\",\"@id\":\"https:\\\/\\\/www.coraliesucheyre.com\\\/#organization\",\"name\":\"Coralie Sucheyre EI\",\"url\":\"https:\\\/\\\/www.coraliesucheyre.com\\\/\",\"logo\":{\"@type\":\"ImageObject\",\"inLanguage\":\"en-GB\",\"@id\":\"https:\\\/\\\/www.coraliesucheyre.com\\\/#\\\/schema\\\/logo\\\/image\\\/\",\"url\":\"https:\\\/\\\/www.coraliesucheyre.com\\\/wp-content\\\/uploads\\\/2024\\\/01\\\/cropped-logo-therapeute.png\",\"contentUrl\":\"https:\\\/\\\/www.coraliesucheyre.com\\\/wp-content\\\/uploads\\\/2024\\\/01\\\/cropped-logo-therapeute.png\",\"width\":1354,\"height\":258,\"caption\":\"Coralie Sucheyre EI\"},\"image\":{\"@id\":\"https:\\\/\\\/www.coraliesucheyre.com\\\/#\\\/schema\\\/logo\\\/image\\\/\"},\"sameAs\":[\"https:\\\/\\\/www.facebook.com\\\/coralie.sucheyre.therapeute\",\"https:\\\/\\\/www.instagram.com\\\/coralie.therapeute\\\/\"]}]}<\/script>\n<!-- \/ Yoast SEO plugin. -->","yoast_head_json":{"title":"Questions fr\u00e9quentes - Coralie Sucheyre | Harmonie personnelle et relationnelle | Antibes","robots":{"index":"index","follow":"follow","max-snippet":"max-snippet:-1","max-image-preview":"max-image-preview:large","max-video-preview":"max-video-preview:-1"},"canonical":"https:\/\/www.coraliesucheyre.com\/en\/questions-frequentes\/","og_locale":"en_GB","og_type":"article","og_title":"Questions fr\u00e9quentes - Coralie Sucheyre | Harmonie personnelle et relationnelle | Antibes","og_description":"Qu&rsquo;est-ce que la relation d&rsquo;aide ? La&nbsp;relation d&rsquo;aide&nbsp;est une relation d&rsquo;accompagnement qui vise \u00e0 soutenir et d\u00e9velopper les comp\u00e9tences d\u2019une personne pour l\u2019aider \u00e0 comprendre ses difficult\u00e9s et \u00e0 atteindre les objectifs qu\u2019elle s\u2019est fix\u00e9s. Elle a pour objectif premier d\u2019am\u00e9liorer la qualit\u00e9 de vie et d\u2019instaurer un bien-\u00eatre personnel. Ce qu&rsquo;elle permet \u00e0 la [&hellip;]","og_url":"https:\/\/www.coraliesucheyre.com\/en\/questions-frequentes\/","og_site_name":"Coralie Sucheyre | Harmonie personnelle et relationnelle | Antibes","article_publisher":"https:\/\/www.facebook.com\/coralie.sucheyre.therapeute","article_modified_time":"2023-11-30T17:30:07+00:00","twitter_card":"summary_large_image","twitter_misc":{"Estimated reading time":"2 minutes"},"schema":{"@context":"https:\/\/schema.org","@graph":[{"@type":"WebPage","@id":"https:\/\/www.coraliesucheyre.com\/questions-frequentes\/","url":"https:\/\/www.coraliesucheyre.com\/questions-frequentes\/","name":"Questions fr\u00e9quentes - Coralie Sucheyre | Harmonie personnelle et relationnelle | Antibes","isPartOf":{"@id":"https:\/\/www.coraliesucheyre.com\/#website"},"datePublished":"2023-10-24T21:07:37+00:00","dateModified":"2023-11-30T17:30:07+00:00","inLanguage":"en-GB","potentialAction":[{"@type":"ReadAction","target":["https:\/\/www.coraliesucheyre.com\/questions-frequentes\/"]}]},{"@type":"WebSite","@id":"https:\/\/www.coraliesucheyre.com\/#website","url":"https:\/\/www.coraliesucheyre.com\/","name":"Coralie Sucheyre","description":"emotions, self-confidence, relationships","publisher":{"@id":"https:\/\/www.coraliesucheyre.com\/#organization"},"potentialAction":[{"@type":"SearchAction","target":{"@type":"EntryPoint","urlTemplate":"https:\/\/www.coraliesucheyre.com\/?s={search_term_string}"},"query-input":{"@type":"PropertyValueSpecification","valueRequired":true,"valueName":"search_term_string"}}],"inLanguage":"en-GB"},{"@type":"Organization","@id":"https:\/\/www.coraliesucheyre.com\/#organization","name":"Coralie Sucheyre EI","url":"https:\/\/www.coraliesucheyre.com\/","logo":{"@type":"ImageObject","inLanguage":"en-GB","@id":"https:\/\/www.coraliesucheyre.com\/#\/schema\/logo\/image\/","url":"https:\/\/www.coraliesucheyre.com\/wp-content\/uploads\/2024\/01\/cropped-logo-therapeute.png","contentUrl":"https:\/\/www.coraliesucheyre.com\/wp-content\/uploads\/2024\/01\/cropped-logo-therapeute.png","width":1354,"height":258,"caption":"Coralie Sucheyre EI"},"image":{"@id":"https:\/\/www.coraliesucheyre.com\/#\/schema\/logo\/image\/"},"sameAs":["https:\/\/www.facebook.com\/coralie.sucheyre.therapeute","https:\/\/www.instagram.com\/coralie.therapeute\/"]}]}},"uagb_featured_image_src":{"full":false,"thumbnail":false,"medium":false,"medium_large":false,"large":false,"1536x1536":false,"2048x2048":false,"trp-custom-language-flag":false},"uagb_author_info":{"display_name":"Coralie","author_link":"https:\/\/www.coraliesucheyre.com\/en\/author\/coralie-consultante\/"},"uagb_comment_info":0,"uagb_excerpt":"Qu&rsquo;est-ce que la relation d&rsquo;aide ? La&nbsp;relation d&rsquo;aide&nbsp;est une relation d&rsquo;accompagnement qui vise \u00e0 soutenir et d\u00e9velopper les comp\u00e9tences d\u2019une personne pour l\u2019aider \u00e0 comprendre ses difficult\u00e9s et \u00e0 atteindre les objectifs qu\u2019elle s\u2019est fix\u00e9s. Elle a pour objectif premier d\u2019am\u00e9liorer la qualit\u00e9 de vie et d\u2019instaurer un bien-\u00eatre personnel. Ce qu&rsquo;elle permet \u00e0 la&hellip;","_links":{"self":[{"href":"https:\/\/www.coraliesucheyre.com\/en\/wp-json\/wp\/v2\/pages\/1056","targetHints":{"allow":["GET"]}}],"collection":[{"href":"https:\/\/www.coraliesucheyre.com\/en\/wp-json\/wp\/v2\/pages"}],"about":[{"href":"https:\/\/www.coraliesucheyre.com\/en\/wp-json\/wp\/v2\/types\/page"}],"author":[{"embeddable":true,"href":"https:\/\/www.coraliesucheyre.com\/en\/wp-json\/wp\/v2\/users\/1"}],"replies":[{"embeddable":true,"href":"https:\/\/www.coraliesucheyre.com\/en\/wp-json\/wp\/v2\/comments?post=1056"}],"version-history":[{"count":4,"href":"https:\/\/www.coraliesucheyre.com\/en\/wp-json\/wp\/v2\/pages\/1056\/revisions"}],"predecessor-version":[{"id":1785,"href":"https:\/\/www.coraliesucheyre.com\/en\/wp-json\/wp\/v2\/pages\/1056\/revisions\/1785"}],"wp:attachment":[{"href":"https:\/\/www.coraliesucheyre.com\/en\/wp-json\/wp\/v2\/media?parent=1056"}],"curies":[{"name":"wp","href":"https:\/\/api.w.org\/{rel}","templated":true}]}}